{"id":10784,"date":"2022-10-09T10:20:37","date_gmt":"2022-10-09T10:20:37","guid":{"rendered":"https:\/\/kodesolution.com\/2022\/orgonic\/?page_id=10784"},"modified":"2023-05-11T11:20:32","modified_gmt":"2023-05-11T08:20:32","slug":"kurumsal","status":"publish","type":"page","link":"https:\/\/armaturtasimacilik.com\/index.php\/kurumsal\/","title":{"rendered":"Kurumsal"},"content":{"rendered":"\t\t<div data-elementor-type=\"wp-page\" data-elementor-id=\"10784\" class=\"elementor elementor-10784\">\n\t\t\t\t\t\t\t\t\t<section class=\"elementor-section elementor-top-section elementor-element elementor-element-bee20d2 elementor-section-full_width elementor-section-stretched elementor-section-height-default elementor-section-height-default tm-col-stretched-none tm-bg-color-over-image\" data-id=\"bee20d2\" data-element_type=\"section\" data-settings=\"{&quot;stretch_section&quot;:&quot;section-stretched&quot;}\">\n\t\t\t\t\t\t<div class=\"elementor-container elementor-column-gap-no\">\n\t\t\t\t\t<div class=\"elementor-column elementor-col-100 elementor-top-column elementor-element elementor-element-555361a tm-bg-color-over-image\" data-id=\"555361a\" data-element_type=\"column\">\n\t\t\t<div class=\"elementor-widget-wrap elementor-element-populated\">\n\t\t\t\t\t\t\t\t<div class=\"elementor-element elementor-element-094e33c elementor-widget__width-auto elementor-absolute elementor-widget elementor-widget-tm-ele-animated-layers\" data-id=\"094e33c\" data-element_type=\"widget\" data-settings=\"{&quot;_position&quot;:&quot;absolute&quot;}\" data-widget_type=\"tm-ele-animated-layers.default\">\n\t\t\t\t<div class=\"elementor-widget-container\">\n\t\t\t\t\t<div class=\"tm-sc-animated-layer-advanced \">\r\n\t\t\t<div class=\"animated-layer-advanced-inner clearfix\">\r\n\t<div class=\"layer-image-wrapper tm-animation-floating layer-blank  elementor-repeater-item-7d713aa\" style=\"\">\r\n\t<div class=\"layer-inner\">\r\n\t<\/div>\r\n<\/div>\r\n\t\t\t<\/div>\r\n\t\t\t<div class=\"clearfix\"><\/div>\r\n\t\t<\/div>\r\n\t\t\t<\/div>\n\t\t\t\t<\/div>\n\t\t\t\t\t<\/div>\n\t\t<\/div>\n\t\t\t\t\t\t\t<\/div>\n\t\t<\/section>\n\t\t\t\t<section class=\"elementor-section elementor-top-section elementor-element elementor-element-765f2c1 elementor-section-boxed elementor-section-height-default elementor-section-height-default tm-col-stretched-none tm-bg-color-over-image\" data-id=\"765f2c1\" data-element_type=\"section\">\n\t\t\t\t\t\t<div class=\"elementor-container elementor-column-gap-default\">\n\t\t\t\t\t<div class=\"elementor-column elementor-col-100 elementor-top-column elementor-element elementor-element-c5e7a0e tm-bg-color-over-image\" data-id=\"c5e7a0e\" data-element_type=\"column\">\n\t\t\t<div class=\"elementor-widget-wrap elementor-element-populated\">\n\t\t\t\t\t\t\t\t<section class=\"elementor-section elementor-inner-section elementor-element elementor-element-7509fd8 elementor-section-boxed elementor-section-height-default elementor-section-height-default tm-col-stretched-none tm-bg-color-over-image\" data-id=\"7509fd8\" data-element_type=\"section\">\n\t\t\t\t\t\t<div class=\"elementor-container elementor-column-gap-extended\">\n\t\t\t\t\t<div class=\"elementor-column elementor-col-33 elementor-inner-column elementor-element elementor-element-0f7daa8 tm-bg-color-over-image\" data-id=\"0f7daa8\" data-element_type=\"column\">\n\t\t\t<div class=\"elementor-widget-wrap elementor-element-populated\">\n\t\t\t\t\t\t\t\t<div class=\"elementor-element elementor-element-1c3fecc elementor-widget elementor-widget-tm-ele-animated-layers\" data-id=\"1c3fecc\" data-element_type=\"widget\" data-widget_type=\"tm-ele-animated-layers.default\">\n\t\t\t\t<div class=\"elementor-widget-container\">\n\t\t\t\t\t<div class=\"tm-sc-animated-layer-advanced \">\r\n\t\t\t<div class=\"animated-layer-advanced-inner clearfix\">\r\n\t\r\n<div class=\"layer-image-wrapper layer-image  layer-image-fullwidth elementor-repeater-item-0cea651\" style=\"\">\r\n\t<div class=\"layer-inner layer-image  \">\r\n\t\t<div class=\"layer-image-inner-wrapper image-hover-effect-shine\">\r\n\t\t\t<img decoding=\"async\" class=\"\" src=\"https:\/\/armaturtasimacilik.com\/wp-content\/uploads\/2023\/03\/ogrenci-servis-600x800.jpg\" alt=\"Image\">\r\n\t\t<\/div>\r\n\t<\/div>\r\n<\/div>\r\n\r\n<div class=\"layer-image-wrapper layer-image  layer-image-fullwidth elementor-repeater-item-22dc4cd\" style=\"\">\r\n\t<div class=\"layer-inner layer-image  \">\r\n\t\t<div class=\"layer-image-inner-wrapper image-hover-effect-shine\">\r\n\t\t\t<img decoding=\"async\" class=\"\" src=\"https:\/\/armaturtasimacilik.com\/wp-content\/uploads\/2023\/03\/servis-hostes-ogrenci-498x550.webp\" alt=\"Image\">\r\n\t\t<\/div>\r\n\t<\/div>\r\n<\/div>\r\n<div class=\"layer-image-wrapper tm-animation-scale-right layer-blank  elementor-repeater-item-ba35187\" style=\"\">\r\n\t<div class=\"layer-inner\">\r\n\t<\/div>\r\n<\/div>\r\n\t\t\t<\/div>\r\n\t\t\t<div class=\"clearfix\"><\/div>\r\n\t\t<\/div>\r\n\t\t\t<\/div>\n\t\t\t\t<\/div>\n\t\t\t\t<div class=\"elementor-element elementor-element-26cc5a6 elementor-widget__width-initial elementor-widget-mobile__width-inherit elementor-widget elementor-widget-tm-ele-funfact-counter\" data-id=\"26cc5a6\" data-element_type=\"widget\" data-widget_type=\"tm-ele-funfact-counter.default\">\n\t\t\t\t<div class=\"elementor-widget-container\">\n\t\t\t\t<div class=\"tm-sc-funfact funfact-iconleft \">\r\n\t\t<div class=\"funfact-inner\">\r\n\t\t\t<div class=\"element-left\">\r\n\t\t\t\t\t\t\t\t<div class=\"funfact-icon funfact-thumb\">\r\n<img decoding=\"async\" src=\"https:\/\/armaturtasimacilik.com\/wp-content\/uploads\/2023\/03\/okul-tasiti.jpg\" alt=\"Image\">\r\n<\/div>\t\t\t\t\t\t\t<\/div>\r\n\r\n\t\t\t\r\n\t\t\t<div class=\"details\">\r\n\t\t\t\t\t\t\t\t\t\t\t\t\t\t<h2 class=\"counter \">\r\n\t<span class=\"animate-number\" data-value=\"874\" data-animation-duration=\"1500\">0<\/span><span class=\"counter-postfix\">+<\/span><\/h2>\r\n\t\t\t\t\t\t\t\t\t\t\r\n\t\t\t\t\t\t\t\t\t\t<div class=\"title-wrapper\">\r\n\r\n<h5 class=\"title \">Ta\u015f\u0131ma<\/h5>\r\n<\/div>\t\t\t\t\t\t\t\t\t\t\t\t\t\r\n\t\t\t\t\t\t\t<\/div>\r\n\t\t<\/div>\r\n\t<\/div>\t\t<\/div>\n\t\t\t\t<\/div>\n\t\t\t\t\t<\/div>\n\t\t<\/div>\n\t\t\t\t<div class=\"elementor-column elementor-col-33 elementor-inner-column elementor-element elementor-element-37cc861 tm-bg-color-over-image\" data-id=\"37cc861\" data-element_type=\"column\">\n\t\t\t<div class=\"elementor-widget-wrap\">\n\t\t\t\t\t\t\t\t\t<\/div>\n\t\t<\/div>\n\t\t\t\t<div class=\"elementor-column elementor-col-33 elementor-inner-column elementor-element elementor-element-b068034 tm-bg-color-over-image\" data-id=\"b068034\" data-element_type=\"column\">\n\t\t\t<div class=\"elementor-widget-wrap elementor-element-populated\">\n\t\t\t\t\t\t\t\t<div class=\"elementor-element elementor-element-03ead50 horizontal-line-align-left vertical-line-align-bottom elementor-widget elementor-widget-tm-ele-section-title\" data-id=\"03ead50\" data-element_type=\"widget\" data-widget_type=\"tm-ele-section-title.default\">\n\t\t\t\t<div class=\"elementor-widget-container\">\n\t\t\t<div class=\"tm-sc-section-title section-title line-right-current-theme \">\r\n\t<div class=\"title-wrapper\">\r\n\t\t\t\t\t\t<h6 class=\"subtitle \">\r\n\r\n\t\t\r\n\t\tHakk\u0131m\u0131zda\t<\/h6>\r\n\t\t\t\t<h2 class=\"title \">\r\n\r\n\t\t\r\n\t\t\t\t<span class=\"title-part1 \">Arma Tur Ta\u015f\u0131mac\u0131l\u0131k<\/span>\r\n\t\t\t\t\r\n\t\t\r\n\t<\/h2>\r\n\t<div class=\"title-seperator-line\"><\/div>\t\t\t\t\t\t<\/div>\r\n<\/div>\t\t<\/div>\n\t\t\t\t<\/div>\n\t\t\t\t<div class=\"elementor-element elementor-element-50dc33c elementor-widget elementor-widget-tm-ele-text-editor\" data-id=\"50dc33c\" data-element_type=\"widget\" data-widget_type=\"tm-ele-text-editor.default\">\n\t\t\t\t<div class=\"elementor-widget-container\">\n\t\t\t\t\t<div class=\"tm-text-editor\">\r\n\t\t<p><strong>Arma Tur Ta\u015f\u0131mac\u0131l\u0131k<\/strong> olarak Antalya'da personel ve \u00f6\u011frenci servisi alanlar\u0131nda m\u00fc\u015fterilerimize profesyonel hizmet vermekteyiz.<\/p><p>Gerek ara\u00e7lar\u0131m\u0131z gerekse personelimiz m\u00fc\u015fterilerimizin isteklerine en \u00fcst d\u00fczeyde cevap verecek nitelikte olup tur ta\u015f\u0131mac\u0131l\u0131\u011f\u0131 konusunda y\u0131llar\u0131n tecr\u00fcbesiyle m\u00fc\u015fteri memnuniyetini benimsemi\u015f olarak \u00e7al\u0131\u015fmaktay\u0131z<\/p>\t\t<\/div>\r\n\t\t\t<\/div>\n\t\t\t\t<\/div>\n\t\t\t\t<section class=\"elementor-section elementor-inner-section elementor-element elementor-element-1058368 elementor-section-boxed elementor-section-height-default elementor-section-height-default tm-col-stretched-none tm-bg-color-over-image\" data-id=\"1058368\" data-element_type=\"section\">\n\t\t\t\t\t\t<div class=\"elementor-container elementor-column-gap-extended\">\n\t\t\t\t\t<div class=\"elementor-column elementor-col-50 elementor-inner-column elementor-element elementor-element-a22ba7c tm-bg-color-over-image\" data-id=\"a22ba7c\" data-element_type=\"column\">\n\t\t\t<div class=\"elementor-widget-wrap elementor-element-populated\">\n\t\t\t\t\t\t\t\t<div class=\"elementor-element elementor-element-389d531 elementor-widget elementor-widget-tm-ele-iconbox\" data-id=\"389d531\" data-element_type=\"widget\" data-widget_type=\"tm-ele-iconbox.default\">\n\t\t\t\t<div class=\"elementor-widget-container\">\n\t\t\t<div class=\"tm-sc-icon-box icon-box icon-left tm-iconbox-icontype-font-icon iconbox-centered-in-responsive-mobile icon-position-icon-left animate-icon-on-hover animate-icon-rotate-y\" >\r\n\t\r\n  \t<div class=\"icon-box-wrapper\">\r\n\t\t\r\n\t\t<div class=\"icon-wrapper\">\r\n\t\t<a class=\"icon icon-type-font-icon icon-size-default icon-default-bg icon-default\"\r\n\r\n\t\t\t\t\t\t\t\t>\r\n\t\t\t<i aria-hidden=\"true\" class=\" flaticon-common-user\"><\/i>\t\t<\/a>\r\n\r\n\t\t\t<\/div>\r\n\t\t\t<div class=\"icon-text\">\r\n\t\t\t\t\t\t\r\n\t\t\t\t<h5 class=\"icon-box-title \">\r\n\t\t\t\t\t\t\tProfesyonel Ekip\t\t\t\t\t<\/h5>\r\n\t\t\t\t\t<div class=\"content\"><p>Alan\u0131nda sertifika ve gerekli ehliyetleri alm\u0131\u015f g\u00fcler y\u00fczl\u00fc ve ilgili \u015f\u00f6f\u00f6r ekibimiz.<\/p><\/div>\r\n\t\t\t\t\t\t\r\n\t\t\t\r\n\t\r\n\t\t\t\t\t<\/div>\r\n\t\t<div class=\"clearfix\"><\/div>\r\n\t<\/div>\r\n<\/div>\t\t<\/div>\n\t\t\t\t<\/div>\n\t\t\t\t<div class=\"elementor-element elementor-element-14262b1 elementor-widget elementor-widget-tm-ele-iconbox\" data-id=\"14262b1\" data-element_type=\"widget\" data-widget_type=\"tm-ele-iconbox.default\">\n\t\t\t\t<div class=\"elementor-widget-container\">\n\t\t\t<div class=\"tm-sc-icon-box icon-box icon-left tm-iconbox-icontype-font-icon iconbox-centered-in-responsive-mobile icon-position-icon-left animate-icon-on-hover animate-icon-rotate-y\" >\r\n\t\r\n  \t<div class=\"icon-box-wrapper\">\r\n\t\t\r\n\t\t<div class=\"icon-wrapper\">\r\n\t\t<a class=\"icon icon-type-font-icon icon-size-default icon-default-bg icon-default\"\r\n\r\n\t\t\t\t\t\t\t\t>\r\n\t\t\t<i aria-hidden=\"true\" class=\"lnr lnr-icon-map-marker\"><\/i>\t\t<\/a>\r\n\r\n\t\t\t<\/div>\r\n\t\t\t<div class=\"icon-text\">\r\n\t\t\t\t\t\t\r\n\t\t\t\t<h5 class=\"icon-box-title \">\r\n\t\t\t\t\t\t\tPlanl\u0131\t\t\t\t\t<\/h5>\r\n\t\t\t\t\t<div class=\"content\"><p>Ta\u015f\u0131malar\u0131m\u0131zda konum ve saat planlamam\u0131z\u0131 yap\u0131p d\u00fczenli bir \u015fekilde hizmet sa\u011fl\u0131yoruz.<\/p><\/div>\r\n\t\t\t\t\t\t\r\n\t\t\t\r\n\t\r\n\t\t\t\t\t<\/div>\r\n\t\t<div class=\"clearfix\"><\/div>\r\n\t<\/div>\r\n<\/div>\t\t<\/div>\n\t\t\t\t<\/div>\n\t\t\t\t<div class=\"elementor-element elementor-element-52eaf6f elementor-widget elementor-widget-tm-ele-button\" data-id=\"52eaf6f\" data-element_type=\"widget\" data-widget_type=\"tm-ele-button.default\">\n\t\t\t\t<div class=\"elementor-widget-container\">\n\t\t\t<div class=\"tm-sc-button btn-view-details \">\r\n\t<a  href=\"https:\/\/kodesolution.com\/2022\/oitech\/about\/\" \r\n\t\t\t\t\t\tclass=\"btn btn-theme-colored1 btn-flat\">\r\n\r\n\t\t\r\n\t\t\r\n\t\t<span>\r\n\t\t\u0130leti\u015fim\t\t<\/span>\r\n\r\n\t\t\t<\/a>\r\n<\/div>\t\t<\/div>\n\t\t\t\t<\/div>\n\t\t\t\t\t<\/div>\n\t\t<\/div>\n\t\t\t\t<div class=\"elementor-column elementor-col-50 elementor-inner-column elementor-element elementor-element-12458ea tm-bg-color-over-image\" data-id=\"12458ea\" data-element_type=\"column\">\n\t\t\t<div class=\"elementor-widget-wrap elementor-element-populated\">\n\t\t\t\t\t\t\t\t<div class=\"elementor-element elementor-element-33b440e elementor-widget elementor-widget-tm-ele-iconbox\" data-id=\"33b440e\" data-element_type=\"widget\" data-widget_type=\"tm-ele-iconbox.default\">\n\t\t\t\t<div class=\"elementor-widget-container\">\n\t\t\t<div class=\"tm-sc-icon-box icon-box icon-top tm-iconbox-icontype-no-icon icon-position-icon-top animate-icon-on-hover animate-icon-rotate-y\" >\r\n\t\r\n  \t<div class=\"icon-box-wrapper\">\r\n\t\t\r\n\t\t\t<div class=\"icon-text\">\r\n\t\t\t\t\t\t\r\n\t\t\t\t<h5 class=\"icon-box-title \">\r\n\t\t\t\t\t\t\tOkul\nPersonel\nTurizim \n\t\t\t\t\t<\/h5>\r\n\t\t\t\t\t\t\t\t\t\t\t\r\n\t\t\t\r\n\t\r\n\t\t\t\t\t\t<div class=\"btn-view-details \">\r\n    <a  \r\n            href=\"https:\/\/kodesolution.com\/2022\/oitech\/services-gird\/\"\r\n      class=\"btn btn-plain-text\">\r\n      \u0130ncele  \u279e    <\/a>\r\n<\/div>\t\t\t\t\t<\/div>\r\n\t\t<div class=\"clearfix\"><\/div>\r\n\t<\/div>\r\n<\/div>\t\t<\/div>\n\t\t\t\t<\/div>\n\t\t\t\t\t<\/div>\n\t\t<\/div>\n\t\t\t\t\t\t\t<\/div>\n\t\t<\/section>\n\t\t\t\t\t<\/div>\n\t\t<\/div>\n\t\t\t\t\t\t\t<\/div>\n\t\t<\/section>\n\t\t\t\t\t<\/div>\n\t\t<\/div>\n\t\t\t\t\t\t\t<\/div>\n\t\t<\/section>\n\t\t\t\t\t\t\t<\/div>\n\t\t","protected":false},"excerpt":{"rendered":"<p>0+ Ta\u015f\u0131ma Hakk\u0131m\u0131zda Arma Tur Ta\u015f\u0131mac\u0131l\u0131k Arma Tur Ta\u015f\u0131mac\u0131l\u0131k olarak Antalya&#8217;da personel ve \u00f6\u011frenci servisi alanlar\u0131nda m\u00fc\u015fterilerimize profesyonel hizmet vermekteyiz&#8230;.<\/p>\n","protected":false},"author":1,"featured_media":0,"parent":0,"menu_order":0,"comment_status":"closed","ping_status":"closed","template":"","meta":{"_mi_skip_tracking":false,"_joinchat":[]},"yoast_head":"<!-- This site is optimized with the Yoast SEO plugin v21.1 - https:\/\/yoast.com\/wordpress\/plugins\/seo\/ -->\n<title>Kurumsal - Arma Tur Ta\u015f\u0131mac\u0131l\u0131k hizmeti<\/title>\n<meta name=\"description\" content=\"arma tur tasimacilik hizmeti veren Antalya kurulu\u015flu bir firmad\u0131r detaylar i\u00e7in hemen bizi aray\u0131n\u0131z okul servisi personel servisi\" \/>\n<meta name=\"robots\" content=\"index, follow, max-snippet:-1, max-image-preview:large, max-video-preview:-1\" \/>\n<link rel=\"canonical\" href=\"https:\/\/armaturtasimacilik.com\/index.php\/kurumsal\/\" \/>\n<meta property=\"og:locale\" content=\"tr_TR\" \/>\n<meta property=\"og:type\" content=\"article\" \/>\n<meta property=\"og:title\" content=\"Kurumsal - Arma Tur Ta\u015f\u0131mac\u0131l\u0131k hizmeti\" \/>\n<meta property=\"og:description\" content=\"arma tur tasimacilik hizmeti veren Antalya kurulu\u015flu bir firmad\u0131r detaylar i\u00e7in hemen bizi aray\u0131n\u0131z okul servisi personel servisi\" \/>\n<meta property=\"og:url\" content=\"https:\/\/armaturtasimacilik.com\/index.php\/kurumsal\/\" \/>\n<meta property=\"og:site_name\" content=\"Arma Tur Ta\u015f\u0131mac\u0131l\u0131k hizmeti\" \/>\n<meta property=\"article:modified_time\" content=\"2023-05-11T08:20:32+00:00\" \/>\n<meta property=\"og:image\" content=\"http:\/\/armaturtasimacilik.com\/wp-content\/uploads\/2023\/03\/ogrenci-servis-600x800.jpg\" \/>\n<meta name=\"twitter:card\" content=\"summary_large_image\" \/>\n<meta name=\"twitter:label1\" content=\"Tahmini okuma s\u00fcresi\" \/>\n\t<meta name=\"twitter:data1\" content=\"2 dakika\" \/>\n<script type=\"application\/ld+json\" class=\"yoast-schema-graph\">{\"@context\":\"https:\/\/schema.org\",\"@graph\":[{\"@type\":\"WebPage\",\"@id\":\"https:\/\/armaturtasimacilik.com\/index.php\/kurumsal\/\",\"url\":\"https:\/\/armaturtasimacilik.com\/index.php\/kurumsal\/\",\"name\":\"Kurumsal - Arma Tur Ta\u015f\u0131mac\u0131l\u0131k hizmeti\",\"isPartOf\":{\"@id\":\"http:\/\/armaturtasimacilik.com\/#website\"},\"datePublished\":\"2022-10-09T10:20:37+00:00\",\"dateModified\":\"2023-05-11T08:20:32+00:00\",\"description\":\"arma tur tasimacilik hizmeti veren Antalya kurulu\u015flu bir firmad\u0131r detaylar i\u00e7in hemen bizi aray\u0131n\u0131z okul servisi personel servisi\",\"breadcrumb\":{\"@id\":\"https:\/\/armaturtasimacilik.com\/index.php\/kurumsal\/#breadcrumb\"},\"inLanguage\":\"tr\",\"potentialAction\":[{\"@type\":\"ReadAction\",\"target\":[\"https:\/\/armaturtasimacilik.com\/index.php\/kurumsal\/\"]}]},{\"@type\":\"BreadcrumbList\",\"@id\":\"https:\/\/armaturtasimacilik.com\/index.php\/kurumsal\/#breadcrumb\",\"itemListElement\":[{\"@type\":\"ListItem\",\"position\":1,\"name\":\"Anasayfa\",\"item\":\"https:\/\/armaturtasimacilik.com\/\"},{\"@type\":\"ListItem\",\"position\":2,\"name\":\"Kurumsal\"}]},{\"@type\":\"WebSite\",\"@id\":\"http:\/\/armaturtasimacilik.com\/#website\",\"url\":\"http:\/\/armaturtasimacilik.com\/\",\"name\":\"Arma Tur Ta\u015f\u0131mac\u0131l\u0131k hizmeti\",\"description\":\"Arma tur tas\u0131ma profesyonel servis tas\u0131ma hizmeti\",\"potentialAction\":[{\"@type\":\"SearchAction\",\"target\":{\"@type\":\"EntryPoint\",\"urlTemplate\":\"http:\/\/armaturtasimacilik.com\/?s={search_term_string}\"},\"query-input\":\"required name=search_term_string\"}],\"inLanguage\":\"tr\"}]}<\/script>\n<!-- \/ Yoast SEO plugin. -->","yoast_head_json":{"title":"Kurumsal - Arma Tur Ta\u015f\u0131mac\u0131l\u0131k hizmeti","description":"arma tur tasimacilik hizmeti veren Antalya kurulu\u015flu bir firmad\u0131r detaylar i\u00e7in hemen bizi aray\u0131n\u0131z okul servisi personel servisi","robots":{"index":"index","follow":"follow","max-snippet":"max-snippet:-1","max-image-preview":"max-image-preview:large","max-video-preview":"max-video-preview:-1"},"canonical":"https:\/\/armaturtasimacilik.com\/index.php\/kurumsal\/","og_locale":"tr_TR","og_type":"article","og_title":"Kurumsal - Arma Tur Ta\u015f\u0131mac\u0131l\u0131k hizmeti","og_description":"arma tur tasimacilik hizmeti veren Antalya kurulu\u015flu bir firmad\u0131r detaylar i\u00e7in hemen bizi aray\u0131n\u0131z okul servisi personel servisi","og_url":"https:\/\/armaturtasimacilik.com\/index.php\/kurumsal\/","og_site_name":"Arma Tur Ta\u015f\u0131mac\u0131l\u0131k hizmeti","article_modified_time":"2023-05-11T08:20:32+00:00","og_image":[{"url":"http:\/\/armaturtasimacilik.com\/wp-content\/uploads\/2023\/03\/ogrenci-servis-600x800.jpg"}],"twitter_card":"summary_large_image","twitter_misc":{"Tahmini okuma s\u00fcresi":"2 dakika"},"schema":{"@context":"https:\/\/schema.org","@graph":[{"@type":"WebPage","@id":"https:\/\/armaturtasimacilik.com\/index.php\/kurumsal\/","url":"https:\/\/armaturtasimacilik.com\/index.php\/kurumsal\/","name":"Kurumsal - Arma Tur Ta\u015f\u0131mac\u0131l\u0131k hizmeti","isPartOf":{"@id":"http:\/\/armaturtasimacilik.com\/#website"},"datePublished":"2022-10-09T10:20:37+00:00","dateModified":"2023-05-11T08:20:32+00:00","description":"arma tur tasimacilik hizmeti veren Antalya kurulu\u015flu bir firmad\u0131r detaylar i\u00e7in hemen bizi aray\u0131n\u0131z okul servisi personel servisi","breadcrumb":{"@id":"https:\/\/armaturtasimacilik.com\/index.php\/kurumsal\/#breadcrumb"},"inLanguage":"tr","potentialAction":[{"@type":"ReadAction","target":["https:\/\/armaturtasimacilik.com\/index.php\/kurumsal\/"]}]},{"@type":"BreadcrumbList","@id":"https:\/\/armaturtasimacilik.com\/index.php\/kurumsal\/#breadcrumb","itemListElement":[{"@type":"ListItem","position":1,"name":"Anasayfa","item":"https:\/\/armaturtasimacilik.com\/"},{"@type":"ListItem","position":2,"name":"Kurumsal"}]},{"@type":"WebSite","@id":"http:\/\/armaturtasimacilik.com\/#website","url":"http:\/\/armaturtasimacilik.com\/","name":"Arma Tur Ta\u015f\u0131mac\u0131l\u0131k hizmeti","description":"Arma tur tas\u0131ma profesyonel servis tas\u0131ma hizmeti","potentialAction":[{"@type":"SearchAction","target":{"@type":"EntryPoint","urlTemplate":"http:\/\/armaturtasimacilik.com\/?s={search_term_string}"},"query-input":"required name=search_term_string"}],"inLanguage":"tr"}]}},"_links":{"self":[{"href":"https:\/\/armaturtasimacilik.com\/index.php\/wp-json\/wp\/v2\/pages\/10784"}],"collection":[{"href":"https:\/\/armaturtasimacilik.com\/index.php\/wp-json\/wp\/v2\/pages"}],"about":[{"href":"https:\/\/armaturtasimacilik.com\/index.php\/wp-json\/wp\/v2\/types\/page"}],"author":[{"embeddable":true,"href":"https:\/\/armaturtasimacilik.com\/index.php\/wp-json\/wp\/v2\/users\/1"}],"replies":[{"embeddable":true,"href":"https:\/\/armaturtasimacilik.com\/index.php\/wp-json\/wp\/v2\/comments?post=10784"}],"version-history":[{"count":6,"href":"https:\/\/armaturtasimacilik.com\/index.php\/wp-json\/wp\/v2\/pages\/10784\/revisions"}],"predecessor-version":[{"id":37507,"href":"https:\/\/armaturtasimacilik.com\/index.php\/wp-json\/wp\/v2\/pages\/10784\/revisions\/37507"}],"wp:attachment":[{"href":"https:\/\/armaturtasimacilik.com\/index.php\/wp-json\/wp\/v2\/media?parent=10784"}],"curies":[{"name":"wp","href":"https:\/\/api.w.org\/{rel}","templated":true}]}}