{"id":15293,"date":"2022-10-29T05:18:41","date_gmt":"2022-10-29T05:18:41","guid":{"rendered":"https:\/\/kodesolution.com\/2022\/oitech\/?page_id=15293"},"modified":"2023-03-22T05:14:22","modified_gmt":"2023-03-22T02:14:22","slug":"hizmetler","status":"publish","type":"page","link":"https:\/\/armaturtasimacilik.com\/index.php\/hizmetler\/","title":{"rendered":"Hizmetler"},"content":{"rendered":"\t\t<div data-elementor-type=\"wp-page\" data-elementor-id=\"15293\" class=\"elementor elementor-15293\">\n\t\t\t\t\t\t\t\t\t<section class=\"elementor-section elementor-top-section elementor-element elementor-element-0529980 elementor-section-stretched elementor-section-boxed elementor-section-height-default elementor-section-height-default tm-col-stretched-none tm-bg-color-over-image\" data-id=\"0529980\" data-element_type=\"section\" data-settings=\"{&quot;stretch_section&quot;:&quot;section-stretched&quot;}\">\n\t\t\t\t\t\t<div class=\"elementor-container elementor-column-gap-extended\">\n\t\t\t\t\t<div class=\"elementor-column elementor-col-100 elementor-top-column elementor-element elementor-element-91de9f9 tm-bg-color-over-image\" data-id=\"91de9f9\" data-element_type=\"column\">\n\t\t\t<div class=\"elementor-widget-wrap elementor-element-populated\">\n\t\t\t\t\t\t\t\t<div class=\"elementor-element elementor-element-7d219ee elementor-widget elementor-widget-tm-ele-cpt-services\" data-id=\"7d219ee\" data-element_type=\"widget\" data-widget_type=\"tm-ele-cpt-services.skin-style-current-theme1\">\n\t\t\t\t<div class=\"elementor-widget-container\">\n\t\t\t\r\n\t<div class=\"tm-sc-services tm-sc-services-grid border-radius-around-box\">\r\n\t\t\r\n\t\r\n\t\t<!-- Isotope Gallery Grid -->\r\n\t\t<div id=\"services-holder-720263\" class=\"isotope-layout grid-3 gutter-15 clearfix\">\r\n\t\t\t<div class=\"isotope-layout-inner\">\r\n\r\n                <!-- the loop -->\r\n                                                <div class=\"isotope-item \">\r\n                    <div class=\"post-11708 services type-services status-publish has-post-thumbnail hentry\">\r\n\t<div class=\"service-item-current-style1 service-block\">\r\n\t\t<div class=\"service-inner\">\r\n\t\t\t<div class=\"service-thumb-wrapper\">\r\n\t\t\t\t\t\t\t\t\t<div class=\"service-thumb\">\r\n\t\t\t\t\t\t<img width=\"672\" height=\"350\" src=\"https:\/\/armaturtasimacilik.com\/wp-content\/uploads\/2022\/10\/okul-tasimaciligi-672x350.jpg\" class=\" wp-post-image\" alt=\"\" decoding=\"async\" loading=\"lazy\" \/>\t\t\t\t\t<\/div>\r\n\t\t\t\t\t\t\t\t\t\t\t\t\t<div class=\"service-icon\">\r\n\t\t\t\t\t\t\t\t\t<div class=\"icon\"><i aria-hidden=\"true\" class=\" flaticon-business-010-startup\"><\/i><\/div>\r\n\t\t\t\t\t\t<\/div>\r\n\t\t\t\t\t\t\t<\/div>\r\n\t\t\t<div class=\"service-content\">\r\n\t\t\t\t\t<h4 class=\"title service-title\">\r\n\t\t<a href=\"https:\/\/armaturtasimacilik.com\/index.php\/services\/okul-tasimaciligi\/\">Okul Ta\u015f\u0131mac\u0131l\u0131\u011f\u0131<\/a>\r\n\t\t<\/h4>\r\n\t\t\t\t\t\t\t\t\t\t\t\t\t\t\t<div class=\"excerpt service-details\">\r\n\t\t\t\t\t\t\tArma Tur Ta\u015f\u0131mac\u0131l\u0131k olarak Okul ta\u015f\u0131mac\u0131l\u0131\u011f\u0131 hizmetimiz\t\t\t\t\t\t<\/div>\r\n\t\t\t\t\t\t\t\t\t\t\t\t\t\t\t\t<\/div>\r\n\t\t<\/div>\r\n\t<\/div>\r\n<\/div>\r\n                <\/div>\r\n                                                <div class=\"isotope-item \">\r\n                    <div class=\"post-11707 services type-services status-publish has-post-thumbnail hentry\">\r\n\t<div class=\"service-item-current-style1 service-block\">\r\n\t\t<div class=\"service-inner\">\r\n\t\t\t<div class=\"service-thumb-wrapper\">\r\n\t\t\t\t\t\t\t\t\t<div class=\"service-thumb\">\r\n\t\t\t\t\t\t<img width=\"672\" height=\"350\" src=\"https:\/\/armaturtasimacilik.com\/wp-content\/uploads\/2022\/10\/personel-servis-672x350.jpg\" class=\" wp-post-image\" alt=\"\" decoding=\"async\" loading=\"lazy\" \/>\t\t\t\t\t<\/div>\r\n\t\t\t\t\t\t\t\t\t\t\t\t\t<div class=\"service-icon\">\r\n\t\t\t\t\t\t\t\t\t<div class=\"icon\"><i aria-hidden=\"true\" class=\" flaticon-business-002-graph\"><\/i><\/div>\r\n\t\t\t\t\t\t<\/div>\r\n\t\t\t\t\t\t\t<\/div>\r\n\t\t\t<div class=\"service-content\">\r\n\t\t\t\t\t<h4 class=\"title service-title\">\r\n\t\t<a href=\"https:\/\/armaturtasimacilik.com\/index.php\/services\/personel-tasimaciligi\/\">Personel Ta\u015f\u0131mac\u0131l\u0131\u011f\u0131<\/a>\r\n\t\t<\/h4>\r\n\t\t\t\t\t\t\t\t\t\t\t\t\t\t\t<div class=\"excerpt service-details\">\r\n\t\t\t\t\t\t\tArma Tur Ta\u015f\u0131mac\u0131l\u0131k olarak Personel ta\u015f\u0131mac\u0131l\u0131\u011f\u0131 hizmetimiz\t\t\t\t\t\t<\/div>\r\n\t\t\t\t\t\t\t\t\t\t\t\t\t\t\t\t<\/div>\r\n\t\t<\/div>\r\n\t<\/div>\r\n<\/div>\r\n                <\/div>\r\n                                                <div class=\"isotope-item \">\r\n                    <div class=\"post-11706 services type-services status-publish has-post-thumbnail hentry\">\r\n\t<div class=\"service-item-current-style1 service-block\">\r\n\t\t<div class=\"service-inner\">\r\n\t\t\t<div class=\"service-thumb-wrapper\">\r\n\t\t\t\t\t\t\t\t\t<div class=\"service-thumb\">\r\n\t\t\t\t\t\t<img width=\"672\" height=\"350\" src=\"https:\/\/armaturtasimacilik.com\/wp-content\/uploads\/2022\/10\/personel-servis-672x350.png\" class=\" wp-post-image\" alt=\"\" decoding=\"async\" loading=\"lazy\" \/>\t\t\t\t\t<\/div>\r\n\t\t\t\t\t\t\t\t\t\t\t\t\t<div class=\"service-icon\">\r\n\t\t\t\t\t\t\t\t\t<div class=\"icon\"><i aria-hidden=\"true\" class=\" flaticon-business-048-coin\"><\/i><\/div>\r\n\t\t\t\t\t\t<\/div>\r\n\t\t\t\t\t\t\t<\/div>\r\n\t\t\t<div class=\"service-content\">\r\n\t\t\t\t\t<h4 class=\"title service-title\">\r\n\t\t<a href=\"https:\/\/armaturtasimacilik.com\/index.php\/services\/turizm-tasimaciligi\/\">Turizm Ta\u015f\u0131mac\u0131l\u0131\u011f\u0131<\/a>\r\n\t\t<\/h4>\r\n\t\t\t\t\t\t\t\t\t\t\t\t\t\t\t<div class=\"excerpt service-details\">\r\n\t\t\t\t\t\t\tArma Tur Ta\u015f\u0131mac\u0131l\u0131k olarak Personel ta\u015f\u0131mac\u0131l\u0131\u011f\u0131 hizmetimiz\t\t\t\t\t\t<\/div>\r\n\t\t\t\t\t\t\t\t\t\t\t\t\t\t\t\t<\/div>\r\n\t\t<\/div>\r\n\t<\/div>\r\n<\/div>\r\n                <\/div>\r\n                                <!-- end of the loop -->\r\n\t\t\t<\/div>\r\n\t\t<\/div>\r\n\t\t\t<\/div>\r\n\t\t\r\n\r\n\t\t<\/div>\n\t\t\t\t<\/div>\n\t\t\t\t\t<\/div>\n\t\t<\/div>\n\t\t\t\t\t\t\t<\/div>\n\t\t<\/section>\n\t\t\t\t\t\t\t<\/div>\n\t\t","protected":false},"excerpt":{"rendered":"<p>Okul Ta\u015f\u0131mac\u0131l\u0131\u011f\u0131 Arma Tur Ta\u015f\u0131mac\u0131l\u0131k olarak Okul ta\u015f\u0131mac\u0131l\u0131\u011f\u0131 hizmetimiz Personel Ta\u015f\u0131mac\u0131l\u0131\u011f\u0131 Arma Tur Ta\u015f\u0131mac\u0131l\u0131k olarak Personel ta\u015f\u0131mac\u0131l\u0131\u011f\u0131 hizmetimiz Turizm Ta\u015f\u0131mac\u0131l\u0131\u011f\u0131&#8230;<\/p>\n","protected":false},"author":1,"featured_media":0,"parent":0,"menu_order":0,"comment_status":"closed","ping_status":"closed","template":"","meta":{"_mi_skip_tracking":false,"_joinchat":[]},"yoast_head":"<!-- This site is optimized with the Yoast SEO plugin v21.1 - https:\/\/yoast.com\/wordpress\/plugins\/seo\/ -->\n<title>Hizmetler - Arma Tur Ta\u015f\u0131mac\u0131l\u0131k hizmeti<\/title>\n<meta name=\"robots\" content=\"index, follow, max-snippet:-1, max-image-preview:large, max-video-preview:-1\" \/>\n<link rel=\"canonical\" href=\"https:\/\/armaturtasimacilik.com\/index.php\/hizmetler\/\" \/>\n<meta property=\"og:locale\" content=\"tr_TR\" \/>\n<meta property=\"og:type\" content=\"article\" \/>\n<meta property=\"og:title\" content=\"Hizmetler - Arma Tur Ta\u015f\u0131mac\u0131l\u0131k hizmeti\" \/>\n<meta property=\"og:description\" content=\"Okul Ta\u015f\u0131mac\u0131l\u0131\u011f\u0131 Arma Tur Ta\u015f\u0131mac\u0131l\u0131k olarak Okul ta\u015f\u0131mac\u0131l\u0131\u011f\u0131 hizmetimiz Personel Ta\u015f\u0131mac\u0131l\u0131\u011f\u0131 Arma Tur Ta\u015f\u0131mac\u0131l\u0131k olarak Personel ta\u015f\u0131mac\u0131l\u0131\u011f\u0131 hizmetimiz Turizm Ta\u015f\u0131mac\u0131l\u0131\u011f\u0131...\" \/>\n<meta property=\"og:url\" content=\"https:\/\/armaturtasimacilik.com\/index.php\/hizmetler\/\" \/>\n<meta property=\"og:site_name\" content=\"Arma Tur Ta\u015f\u0131mac\u0131l\u0131k hizmeti\" \/>\n<meta property=\"article:modified_time\" content=\"2023-03-22T02:14:22+00:00\" \/>\n<meta property=\"og:image\" content=\"http:\/\/armaturtasimacilik.com\/wp-content\/uploads\/2022\/10\/okul-tasimaciligi-672x350.jpg\" \/>\n<meta name=\"twitter:card\" content=\"summary_large_image\" \/>\n<script type=\"application\/ld+json\" class=\"yoast-schema-graph\">{\"@context\":\"https:\/\/schema.org\",\"@graph\":[{\"@type\":\"WebPage\",\"@id\":\"https:\/\/armaturtasimacilik.com\/index.php\/hizmetler\/\",\"url\":\"https:\/\/armaturtasimacilik.com\/index.php\/hizmetler\/\",\"name\":\"Hizmetler - Arma Tur Ta\u015f\u0131mac\u0131l\u0131k hizmeti\",\"isPartOf\":{\"@id\":\"http:\/\/armaturtasimacilik.com\/#website\"},\"datePublished\":\"2022-10-29T05:18:41+00:00\",\"dateModified\":\"2023-03-22T02:14:22+00:00\",\"breadcrumb\":{\"@id\":\"https:\/\/armaturtasimacilik.com\/index.php\/hizmetler\/#breadcrumb\"},\"inLanguage\":\"tr\",\"potentialAction\":[{\"@type\":\"ReadAction\",\"target\":[\"https:\/\/armaturtasimacilik.com\/index.php\/hizmetler\/\"]}]},{\"@type\":\"BreadcrumbList\",\"@id\":\"https:\/\/armaturtasimacilik.com\/index.php\/hizmetler\/#breadcrumb\",\"itemListElement\":[{\"@type\":\"ListItem\",\"position\":1,\"name\":\"Anasayfa\",\"item\":\"https:\/\/armaturtasimacilik.com\/\"},{\"@type\":\"ListItem\",\"position\":2,\"name\":\"Hizmetler\"}]},{\"@type\":\"WebSite\",\"@id\":\"http:\/\/armaturtasimacilik.com\/#website\",\"url\":\"http:\/\/armaturtasimacilik.com\/\",\"name\":\"Arma Tur Ta\u015f\u0131mac\u0131l\u0131k hizmeti\",\"description\":\"Arma tur tas\u0131ma profesyonel servis tas\u0131ma hizmeti\",\"potentialAction\":[{\"@type\":\"SearchAction\",\"target\":{\"@type\":\"EntryPoint\",\"urlTemplate\":\"http:\/\/armaturtasimacilik.com\/?s={search_term_string}\"},\"query-input\":\"required name=search_term_string\"}],\"inLanguage\":\"tr\"}]}<\/script>\n<!-- \/ Yoast SEO plugin. -->","yoast_head_json":{"title":"Hizmetler - Arma Tur Ta\u015f\u0131mac\u0131l\u0131k hizmeti","robots":{"index":"index","follow":"follow","max-snippet":"max-snippet:-1","max-image-preview":"max-image-preview:large","max-video-preview":"max-video-preview:-1"},"canonical":"https:\/\/armaturtasimacilik.com\/index.php\/hizmetler\/","og_locale":"tr_TR","og_type":"article","og_title":"Hizmetler - Arma Tur Ta\u015f\u0131mac\u0131l\u0131k hizmeti","og_description":"Okul Ta\u015f\u0131mac\u0131l\u0131\u011f\u0131 Arma Tur Ta\u015f\u0131mac\u0131l\u0131k olarak Okul ta\u015f\u0131mac\u0131l\u0131\u011f\u0131 hizmetimiz Personel Ta\u015f\u0131mac\u0131l\u0131\u011f\u0131 Arma Tur Ta\u015f\u0131mac\u0131l\u0131k olarak Personel ta\u015f\u0131mac\u0131l\u0131\u011f\u0131 hizmetimiz Turizm Ta\u015f\u0131mac\u0131l\u0131\u011f\u0131...","og_url":"https:\/\/armaturtasimacilik.com\/index.php\/hizmetler\/","og_site_name":"Arma Tur Ta\u015f\u0131mac\u0131l\u0131k hizmeti","article_modified_time":"2023-03-22T02:14:22+00:00","og_image":[{"url":"http:\/\/armaturtasimacilik.com\/wp-content\/uploads\/2022\/10\/okul-tasimaciligi-672x350.jpg"}],"twitter_card":"summary_large_image","schema":{"@context":"https:\/\/schema.org","@graph":[{"@type":"WebPage","@id":"https:\/\/armaturtasimacilik.com\/index.php\/hizmetler\/","url":"https:\/\/armaturtasimacilik.com\/index.php\/hizmetler\/","name":"Hizmetler - Arma Tur Ta\u015f\u0131mac\u0131l\u0131k hizmeti","isPartOf":{"@id":"http:\/\/armaturtasimacilik.com\/#website"},"datePublished":"2022-10-29T05:18:41+00:00","dateModified":"2023-03-22T02:14:22+00:00","breadcrumb":{"@id":"https:\/\/armaturtasimacilik.com\/index.php\/hizmetler\/#breadcrumb"},"inLanguage":"tr","potentialAction":[{"@type":"ReadAction","target":["https:\/\/armaturtasimacilik.com\/index.php\/hizmetler\/"]}]},{"@type":"BreadcrumbList","@id":"https:\/\/armaturtasimacilik.com\/index.php\/hizmetler\/#breadcrumb","itemListElement":[{"@type":"ListItem","position":1,"name":"Anasayfa","item":"https:\/\/armaturtasimacilik.com\/"},{"@type":"ListItem","position":2,"name":"Hizmetler"}]},{"@type":"WebSite","@id":"http:\/\/armaturtasimacilik.com\/#website","url":"http:\/\/armaturtasimacilik.com\/","name":"Arma Tur Ta\u015f\u0131mac\u0131l\u0131k hizmeti","description":"Arma tur tas\u0131ma profesyonel servis tas\u0131ma hizmeti","potentialAction":[{"@type":"SearchAction","target":{"@type":"EntryPoint","urlTemplate":"http:\/\/armaturtasimacilik.com\/?s={search_term_string}"},"query-input":"required name=search_term_string"}],"inLanguage":"tr"}]}},"_links":{"self":[{"href":"https:\/\/armaturtasimacilik.com\/index.php\/wp-json\/wp\/v2\/pages\/15293"}],"collection":[{"href":"https:\/\/armaturtasimacilik.com\/index.php\/wp-json\/wp\/v2\/pages"}],"about":[{"href":"https:\/\/armaturtasimacilik.com\/index.php\/wp-json\/wp\/v2\/types\/page"}],"author":[{"embeddable":true,"href":"https:\/\/armaturtasimacilik.com\/index.php\/wp-json\/wp\/v2\/users\/1"}],"replies":[{"embeddable":true,"href":"https:\/\/armaturtasimacilik.com\/index.php\/wp-json\/wp\/v2\/comments?post=15293"}],"version-history":[{"count":5,"href":"https:\/\/armaturtasimacilik.com\/index.php\/wp-json\/wp\/v2\/pages\/15293\/revisions"}],"predecessor-version":[{"id":37481,"href":"https:\/\/armaturtasimacilik.com\/index.php\/wp-json\/wp\/v2\/pages\/15293\/revisions\/37481"}],"wp:attachment":[{"href":"https:\/\/armaturtasimacilik.com\/index.php\/wp-json\/wp\/v2\/media?parent=15293"}],"curies":[{"name":"wp","href":"https:\/\/api.w.org\/{rel}","templated":true}]}}