{"id":37513,"date":"2023-03-24T15:59:51","date_gmt":"2023-03-24T12:59:51","guid":{"rendered":"https:\/\/armaturtasimacilik.com\/?page_id=37513"},"modified":"2023-03-24T16:00:27","modified_gmt":"2023-03-24T13:00:27","slug":"misyon","status":"publish","type":"page","link":"https:\/\/armaturtasimacilik.com\/index.php\/misyon\/","title":{"rendered":"Misyon"},"content":{"rendered":"\t\t<div data-elementor-type=\"wp-page\" data-elementor-id=\"37513\" class=\"elementor elementor-37513\">\n\t\t\t\t\t\t\t\t\t<section class=\"elementor-section elementor-top-section elementor-element elementor-element-bee20d2 elementor-section-full_width elementor-section-stretched elementor-section-height-default elementor-section-height-default tm-col-stretched-none tm-bg-color-over-image\" data-id=\"bee20d2\" data-element_type=\"section\" data-settings=\"{&quot;stretch_section&quot;:&quot;section-stretched&quot;}\">\n\t\t\t\t\t\t<div class=\"elementor-container elementor-column-gap-no\">\n\t\t\t\t\t<div class=\"elementor-column elementor-col-100 elementor-top-column elementor-element elementor-element-555361a tm-bg-color-over-image\" data-id=\"555361a\" data-element_type=\"column\">\n\t\t\t<div class=\"elementor-widget-wrap elementor-element-populated\">\n\t\t\t\t\t\t\t\t<div class=\"elementor-element elementor-element-094e33c elementor-widget__width-auto elementor-absolute elementor-widget elementor-widget-tm-ele-animated-layers\" data-id=\"094e33c\" data-element_type=\"widget\" data-settings=\"{&quot;_position&quot;:&quot;absolute&quot;}\" data-widget_type=\"tm-ele-animated-layers.default\">\n\t\t\t\t<div class=\"elementor-widget-container\">\n\t\t\t\t\t<div class=\"tm-sc-animated-layer-advanced \">\r\n\t\t\t<div class=\"animated-layer-advanced-inner clearfix\">\r\n\t<div class=\"layer-image-wrapper tm-animation-floating layer-blank  elementor-repeater-item-7d713aa\" style=\"\">\r\n\t<div class=\"layer-inner\">\r\n\t<\/div>\r\n<\/div>\r\n\t\t\t<\/div>\r\n\t\t\t<div class=\"clearfix\"><\/div>\r\n\t\t<\/div>\r\n\t\t\t<\/div>\n\t\t\t\t<\/div>\n\t\t\t\t\t<\/div>\n\t\t<\/div>\n\t\t\t\t\t\t\t<\/div>\n\t\t<\/section>\n\t\t\t\t<section class=\"elementor-section elementor-top-section elementor-element elementor-element-765f2c1 elementor-section-boxed elementor-section-height-default elementor-section-height-default tm-col-stretched-none tm-bg-color-over-image\" data-id=\"765f2c1\" data-element_type=\"section\">\n\t\t\t\t\t\t<div class=\"elementor-container elementor-column-gap-default\">\n\t\t\t\t\t<div class=\"elementor-column elementor-col-100 elementor-top-column elementor-element elementor-element-c5e7a0e tm-bg-color-over-image\" data-id=\"c5e7a0e\" data-element_type=\"column\">\n\t\t\t<div class=\"elementor-widget-wrap elementor-element-populated\">\n\t\t\t\t\t\t\t\t<section class=\"elementor-section elementor-inner-section elementor-element elementor-element-7509fd8 elementor-section-boxed elementor-section-height-default elementor-section-height-default tm-col-stretched-none tm-bg-color-over-image\" data-id=\"7509fd8\" data-element_type=\"section\">\n\t\t\t\t\t\t<div class=\"elementor-container elementor-column-gap-extended\">\n\t\t\t\t\t<div class=\"elementor-column elementor-col-50 elementor-inner-column elementor-element elementor-element-37cc861 tm-bg-color-over-image\" data-id=\"37cc861\" data-element_type=\"column\">\n\t\t\t<div class=\"elementor-widget-wrap elementor-element-populated\">\n\t\t\t\t\t\t\t\t<div class=\"elementor-element elementor-element-c6feb9a elementor-widget elementor-widget-image\" data-id=\"c6feb9a\" data-element_type=\"widget\" data-widget_type=\"image.default\">\n\t\t\t\t<div class=\"elementor-widget-container\">\n\t\t\t<style>\/*! elementor - v3.11.5 - 14-03-2023 *\/\n.elementor-widget-image{text-align:center}.elementor-widget-image a{display:inline-block}.elementor-widget-image a img[src$=\".svg\"]{width:48px}.elementor-widget-image img{vertical-align:middle;display:inline-block}<\/style>\t\t\t\t\t\t\t\t\t\t\t\t<img decoding=\"async\" width=\"1024\" height=\"298\" src=\"https:\/\/armaturtasimacilik.com\/wp-content\/uploads\/2022\/09\/31-1024x298.png\" class=\"attachment-large size-large wp-image-37420\" alt=\"\" loading=\"lazy\" srcset=\"https:\/\/armaturtasimacilik.com\/wp-content\/uploads\/2022\/09\/31-1024x298.png 1024w, https:\/\/armaturtasimacilik.com\/wp-content\/uploads\/2022\/09\/31-300x87.png 300w, https:\/\/armaturtasimacilik.com\/wp-content\/uploads\/2022\/09\/31-768x223.png 768w, https:\/\/armaturtasimacilik.com\/wp-content\/uploads\/2022\/09\/31.png 1242w\" sizes=\"(max-width: 1024px) 100vw, 1024px\" \/>\t\t\t\t\t\t\t\t\t\t\t\t\t\t\t<\/div>\n\t\t\t\t<\/div>\n\t\t\t\t\t<\/div>\n\t\t<\/div>\n\t\t\t\t<div class=\"elementor-column elementor-col-50 elementor-inner-column elementor-element elementor-element-b068034 tm-bg-color-over-image\" data-id=\"b068034\" data-element_type=\"column\">\n\t\t\t<div class=\"elementor-widget-wrap elementor-element-populated\">\n\t\t\t\t\t\t\t\t<div class=\"elementor-element elementor-element-03ead50 horizontal-line-align-left vertical-line-align-bottom elementor-widget elementor-widget-tm-ele-section-title\" data-id=\"03ead50\" data-element_type=\"widget\" data-widget_type=\"tm-ele-section-title.default\">\n\t\t\t\t<div class=\"elementor-widget-container\">\n\t\t\t<div class=\"tm-sc-section-title section-title line-right-current-theme \">\r\n\t<div class=\"title-wrapper\">\r\n\t\t\t\t\t\t<h6 class=\"subtitle \">\r\n\r\n\t\t\r\n\t\tArma Tur\t<\/h6>\r\n\t\t\t\t<h2 class=\"title \">\r\n\r\n\t\t\r\n\t\t\t\t<span class=\"title-part1 \">Misyon<\/span>\r\n\t\t\t\t\r\n\t\t\r\n\t<\/h2>\r\n\t<div class=\"title-seperator-line\"><\/div>\t\t\t\t\t\t<\/div>\r\n<\/div>\t\t<\/div>\n\t\t\t\t<\/div>\n\t\t\t\t<div class=\"elementor-element elementor-element-50dc33c elementor-widget elementor-widget-tm-ele-text-editor\" data-id=\"50dc33c\" data-element_type=\"widget\" data-widget_type=\"tm-ele-text-editor.default\">\n\t\t\t\t<div class=\"elementor-widget-container\">\n\t\t\t\t\t<div class=\"tm-text-editor\">\r\n\t\t<p>M\u00fc\u015fterilerimize, \u00e7al\u0131\u015fanlar\u0131m\u0131za ve topluma de\u011fer katmak i\u00e7in var\u0131z. \u0130\u015fimizi d\u00fcr\u00fcstl\u00fck, etik de\u011ferler, kalite ve m\u00fc\u015fteri odakl\u0131l\u0131kla yapar\u0131z. Hedefimiz, her g\u00fcn bir \u00f6nceki g\u00fcnden daha iyi olmak ve insanlar\u0131n hayat\u0131n\u0131 kolayla\u015ft\u0131rmakt\u0131r.<\/p><p>M\u00fc\u015fterilerimize, en y\u00fcksek kalitede \u00fcr\u00fcnler ve hizmetler sunmak i\u00e7in \u00e7al\u0131\u015f\u0131yoruz. M\u00fc\u015fterilerimizin ihtiya\u00e7lar\u0131n\u0131 anlamak, onlar\u0131n beklentilerini a\u015fmak ve onlar i\u00e7in de\u011fer yaratmak i\u00e7in s\u00fcrekli olarak yenilik\u00e7i fikirler geli\u015ftiriyoruz. M\u00fc\u015fterilerimiz i\u00e7in do\u011fru \u00fcr\u00fcnleri ve hizmetleri sa\u011flamak i\u00e7in, ihtiya\u00e7lar\u0131na uygun \u00e7\u00f6z\u00fcmler sunar\u0131z.<\/p><p>\u00c7al\u0131\u015fanlar\u0131m\u0131z, \u015firketimizin en de\u011ferli varl\u0131\u011f\u0131d\u0131r. Onlar\u0131n mutlulu\u011fu ve ba\u015far\u0131s\u0131 bizim i\u00e7in \u00e7ok \u00f6nemlidir. Y\u00fcksek performansl\u0131 bir \u00e7al\u0131\u015fma ortam\u0131 yarat\u0131yoruz ve her bir \u00e7al\u0131\u015fan\u0131m\u0131z\u0131n kendini geli\u015ftirmesi i\u00e7in f\u0131rsatlar sunuyoruz. \u00c7al\u0131\u015fanlar\u0131m\u0131z\u0131n i\u015flerinde mutlu ve tatmin olmalar\u0131n\u0131 sa\u011flamak, m\u00fc\u015fterilerimize daha iyi hizmet sunmam\u0131za ve daha iyi sonu\u00e7lar elde etmemize yard\u0131mc\u0131 olur.<\/p><p>Topluma kar\u015f\u0131 sorumluluklar\u0131m\u0131z\u0131n fark\u0131nday\u0131z. S\u00fcrd\u00fcr\u00fclebilir bir gelecek i\u00e7in \u00e7evreye sayg\u0131 g\u00f6steriyor ve sosyal sorumluluk projelerine aktif olarak kat\u0131l\u0131yoruz. \u0130nsanlar\u0131n ya\u015famlar\u0131n\u0131 iyile\u015ftirmek ve d\u00fcnyay\u0131 daha iyi bir yer haline getirmek i\u00e7in \u00e7al\u0131\u015f\u0131yoruz.<\/p><p>Misyonumuz, insanlar\u0131n hayat\u0131n\u0131 kolayla\u015ft\u0131rmak ve d\u00fcnya \u00e7ap\u0131nda bir lider olmakt\u0131r. Bu hedefe ula\u015fmak i\u00e7in, m\u00fc\u015fterilerimize, \u00e7al\u0131\u015fanlar\u0131m\u0131za ve topluma de\u011fer katmaya devam edece\u011fiz. Etik de\u011ferlerimizden \u00f6d\u00fcn vermeden, s\u00fcrekli olarak yenilik\u00e7i fikirler geli\u015ftirerek ve m\u00fc\u015fteri odakl\u0131 yakla\u015f\u0131m\u0131m\u0131z\u0131 s\u00fcrd\u00fcrerek, ba\u015far\u0131m\u0131z\u0131 art\u0131rmaya devam edece\u011fiz.<\/p>\t\t<\/div>\r\n\t\t\t<\/div>\n\t\t\t\t<\/div>\n\t\t\t\t<section class=\"elementor-section elementor-inner-section elementor-element elementor-element-1058368 elementor-section-boxed elementor-section-height-default elementor-section-height-default tm-col-stretched-none tm-bg-color-over-image\" data-id=\"1058368\" data-element_type=\"section\">\n\t\t\t\t\t\t<div class=\"elementor-container elementor-column-gap-extended\">\n\t\t\t\t\t<div class=\"elementor-column elementor-col-50 elementor-inner-column elementor-element elementor-element-a22ba7c tm-bg-color-over-image\" data-id=\"a22ba7c\" data-element_type=\"column\">\n\t\t\t<div class=\"elementor-widget-wrap elementor-element-populated\">\n\t\t\t\t\t\t\t\t<div class=\"elementor-element elementor-element-389d531 elementor-widget elementor-widget-tm-ele-iconbox\" data-id=\"389d531\" data-element_type=\"widget\" data-widget_type=\"tm-ele-iconbox.default\">\n\t\t\t\t<div class=\"elementor-widget-container\">\n\t\t\t<div class=\"tm-sc-icon-box icon-box icon-left tm-iconbox-icontype-font-icon iconbox-centered-in-responsive-mobile icon-position-icon-left animate-icon-on-hover animate-icon-rotate-y\" >\r\n\t\r\n  \t<div class=\"icon-box-wrapper\">\r\n\t\t\r\n\t\t<div class=\"icon-wrapper\">\r\n\t\t<a class=\"icon icon-type-font-icon icon-size-default icon-default-bg icon-default\"\r\n\r\n\t\t\t\t\t\t\t\t>\r\n\t\t\t<i aria-hidden=\"true\" class=\" flaticon-common-user\"><\/i>\t\t<\/a>\r\n\r\n\t\t\t<\/div>\r\n\t\t\t<div class=\"icon-text\">\r\n\t\t\t\t\t\t\r\n\t\t\t\t<h5 class=\"icon-box-title \">\r\n\t\t\t\t\t\t\tProfesyonel Ekip\t\t\t\t\t<\/h5>\r\n\t\t\t\t\t<div class=\"content\"><p>Alan\u0131nda sertifika ve gerekli ehliyetleri alm\u0131\u015f g\u00fcler y\u00fczl\u00fc ve ilgili \u015f\u00f6f\u00f6r ekibimiz.<\/p><\/div>\r\n\t\t\t\t\t\t\r\n\t\t\t\r\n\t\r\n\t\t\t\t\t<\/div>\r\n\t\t<div class=\"clearfix\"><\/div>\r\n\t<\/div>\r\n<\/div>\t\t<\/div>\n\t\t\t\t<\/div>\n\t\t\t\t<div class=\"elementor-element elementor-element-14262b1 elementor-widget elementor-widget-tm-ele-iconbox\" data-id=\"14262b1\" data-element_type=\"widget\" data-widget_type=\"tm-ele-iconbox.default\">\n\t\t\t\t<div class=\"elementor-widget-container\">\n\t\t\t<div class=\"tm-sc-icon-box icon-box icon-left tm-iconbox-icontype-font-icon iconbox-centered-in-responsive-mobile icon-position-icon-left animate-icon-on-hover animate-icon-rotate-y\" >\r\n\t\r\n  \t<div class=\"icon-box-wrapper\">\r\n\t\t\r\n\t\t<div class=\"icon-wrapper\">\r\n\t\t<a class=\"icon icon-type-font-icon icon-size-default icon-default-bg icon-default\"\r\n\r\n\t\t\t\t\t\t\t\t>\r\n\t\t\t<i aria-hidden=\"true\" class=\"lnr lnr-icon-map-marker\"><\/i>\t\t<\/a>\r\n\r\n\t\t\t<\/div>\r\n\t\t\t<div class=\"icon-text\">\r\n\t\t\t\t\t\t\r\n\t\t\t\t<h5 class=\"icon-box-title \">\r\n\t\t\t\t\t\t\tPlanl\u0131\t\t\t\t\t<\/h5>\r\n\t\t\t\t\t<div class=\"content\"><p>Ta\u015f\u0131malar\u0131m\u0131zda konum ve saat planlamam\u0131z\u0131 yap\u0131p d\u00fczenli bir \u015fekilde hizmet sa\u011fl\u0131yoruz.<\/p><\/div>\r\n\t\t\t\t\t\t\r\n\t\t\t\r\n\t\r\n\t\t\t\t\t<\/div>\r\n\t\t<div class=\"clearfix\"><\/div>\r\n\t<\/div>\r\n<\/div>\t\t<\/div>\n\t\t\t\t<\/div>\n\t\t\t\t<div class=\"elementor-element elementor-element-52eaf6f elementor-widget elementor-widget-tm-ele-button\" data-id=\"52eaf6f\" data-element_type=\"widget\" data-widget_type=\"tm-ele-button.default\">\n\t\t\t\t<div class=\"elementor-widget-container\">\n\t\t\t<div class=\"tm-sc-button btn-view-details \">\r\n\t<a  href=\"https:\/\/kodesolution.com\/2022\/oitech\/about\/\" \r\n\t\t\t\t\t\tclass=\"btn btn-theme-colored1 btn-flat\">\r\n\r\n\t\t\r\n\t\t\r\n\t\t<span>\r\n\t\t\u0130leti\u015fim\t\t<\/span>\r\n\r\n\t\t\t<\/a>\r\n<\/div>\t\t<\/div>\n\t\t\t\t<\/div>\n\t\t\t\t\t<\/div>\n\t\t<\/div>\n\t\t\t\t<div class=\"elementor-column elementor-col-50 elementor-inner-column elementor-element elementor-element-12458ea tm-bg-color-over-image\" data-id=\"12458ea\" data-element_type=\"column\">\n\t\t\t<div class=\"elementor-widget-wrap elementor-element-populated\">\n\t\t\t\t\t\t\t\t<div class=\"elementor-element elementor-element-33b440e elementor-widget elementor-widget-tm-ele-iconbox\" data-id=\"33b440e\" data-element_type=\"widget\" data-widget_type=\"tm-ele-iconbox.default\">\n\t\t\t\t<div class=\"elementor-widget-container\">\n\t\t\t<div class=\"tm-sc-icon-box icon-box icon-top tm-iconbox-icontype-no-icon icon-position-icon-top animate-icon-on-hover animate-icon-rotate-y\" >\r\n\t\r\n  \t<div class=\"icon-box-wrapper\">\r\n\t\t\r\n\t\t\t<div class=\"icon-text\">\r\n\t\t\t\t\t\t\r\n\t\t\t\t<h5 class=\"icon-box-title \">\r\n\t\t\t\t\t\t\tOkul\nPersonel\nTurizim \n\t\t\t\t\t<\/h5>\r\n\t\t\t\t\t\t\t\t\t\t\t\r\n\t\t\t\r\n\t\r\n\t\t\t\t\t\t<div class=\"btn-view-details \">\r\n    <a  \r\n            href=\"https:\/\/kodesolution.com\/2022\/oitech\/services-gird\/\"\r\n      class=\"btn btn-plain-text\">\r\n      \u0130ncele  \u279e    <\/a>\r\n<\/div>\t\t\t\t\t<\/div>\r\n\t\t<div class=\"clearfix\"><\/div>\r\n\t<\/div>\r\n<\/div>\t\t<\/div>\n\t\t\t\t<\/div>\n\t\t\t\t\t<\/div>\n\t\t<\/div>\n\t\t\t\t\t\t\t<\/div>\n\t\t<\/section>\n\t\t\t\t\t<\/div>\n\t\t<\/div>\n\t\t\t\t\t\t\t<\/div>\n\t\t<\/section>\n\t\t\t\t\t<\/div>\n\t\t<\/div>\n\t\t\t\t\t\t\t<\/div>\n\t\t<\/section>\n\t\t\t\t\t\t\t<\/div>\n\t\t","protected":false},"excerpt":{"rendered":"<p>Arma Tur Misyon M\u00fc\u015fterilerimize, \u00e7al\u0131\u015fanlar\u0131m\u0131za ve topluma de\u011fer katmak i\u00e7in var\u0131z. \u0130\u015fimizi d\u00fcr\u00fcstl\u00fck, etik de\u011ferler, kalite ve m\u00fc\u015fteri odakl\u0131l\u0131kla yapar\u0131z&#8230;.<\/p>\n","protected":false},"author":1,"featured_media":0,"parent":0,"menu_order":0,"comment_status":"closed","ping_status":"closed","template":"","meta":{"_mi_skip_tracking":false,"_joinchat":[]},"yoast_head":"<!-- This site is optimized with the Yoast SEO plugin v21.1 - https:\/\/yoast.com\/wordpress\/plugins\/seo\/ -->\n<title>Misyon - Arma Tur Ta\u015f\u0131mac\u0131l\u0131k hizmeti<\/title>\n<meta name=\"robots\" content=\"index, follow, max-snippet:-1, max-image-preview:large, max-video-preview:-1\" \/>\n<link rel=\"canonical\" href=\"https:\/\/armaturtasimacilik.com\/index.php\/misyon\/\" \/>\n<meta property=\"og:locale\" content=\"tr_TR\" \/>\n<meta property=\"og:type\" content=\"article\" \/>\n<meta property=\"og:title\" content=\"Misyon - Arma Tur Ta\u015f\u0131mac\u0131l\u0131k hizmeti\" \/>\n<meta property=\"og:description\" content=\"Arma Tur Misyon M\u00fc\u015fterilerimize, \u00e7al\u0131\u015fanlar\u0131m\u0131za ve topluma de\u011fer katmak i\u00e7in var\u0131z. \u0130\u015fimizi d\u00fcr\u00fcstl\u00fck, etik de\u011ferler, kalite ve m\u00fc\u015fteri odakl\u0131l\u0131kla yapar\u0131z....\" \/>\n<meta property=\"og:url\" content=\"https:\/\/armaturtasimacilik.com\/index.php\/misyon\/\" \/>\n<meta property=\"og:site_name\" content=\"Arma Tur Ta\u015f\u0131mac\u0131l\u0131k hizmeti\" \/>\n<meta property=\"article:modified_time\" content=\"2023-03-24T13:00:27+00:00\" \/>\n<meta property=\"og:image\" content=\"http:\/\/armaturtasimacilik.com\/wp-content\/uploads\/2022\/09\/31-1024x298.png\" \/>\n<meta name=\"twitter:card\" content=\"summary_large_image\" \/>\n<meta name=\"twitter:label1\" content=\"Tahmini okuma s\u00fcresi\" \/>\n\t<meta name=\"twitter:data1\" content=\"2 dakika\" \/>\n<script type=\"application\/ld+json\" class=\"yoast-schema-graph\">{\"@context\":\"https:\/\/schema.org\",\"@graph\":[{\"@type\":\"WebPage\",\"@id\":\"https:\/\/armaturtasimacilik.com\/index.php\/misyon\/\",\"url\":\"https:\/\/armaturtasimacilik.com\/index.php\/misyon\/\",\"name\":\"Misyon - Arma Tur Ta\u015f\u0131mac\u0131l\u0131k hizmeti\",\"isPartOf\":{\"@id\":\"http:\/\/armaturtasimacilik.com\/#website\"},\"datePublished\":\"2023-03-24T12:59:51+00:00\",\"dateModified\":\"2023-03-24T13:00:27+00:00\",\"breadcrumb\":{\"@id\":\"https:\/\/armaturtasimacilik.com\/index.php\/misyon\/#breadcrumb\"},\"inLanguage\":\"tr\",\"potentialAction\":[{\"@type\":\"ReadAction\",\"target\":[\"https:\/\/armaturtasimacilik.com\/index.php\/misyon\/\"]}]},{\"@type\":\"BreadcrumbList\",\"@id\":\"https:\/\/armaturtasimacilik.com\/index.php\/misyon\/#breadcrumb\",\"itemListElement\":[{\"@type\":\"ListItem\",\"position\":1,\"name\":\"Anasayfa\",\"item\":\"https:\/\/armaturtasimacilik.com\/\"},{\"@type\":\"ListItem\",\"position\":2,\"name\":\"Misyon\"}]},{\"@type\":\"WebSite\",\"@id\":\"http:\/\/armaturtasimacilik.com\/#website\",\"url\":\"http:\/\/armaturtasimacilik.com\/\",\"name\":\"Arma Tur Ta\u015f\u0131mac\u0131l\u0131k hizmeti\",\"description\":\"Arma tur tas\u0131ma profesyonel servis tas\u0131ma hizmeti\",\"potentialAction\":[{\"@type\":\"SearchAction\",\"target\":{\"@type\":\"EntryPoint\",\"urlTemplate\":\"http:\/\/armaturtasimacilik.com\/?s={search_term_string}\"},\"query-input\":\"required name=search_term_string\"}],\"inLanguage\":\"tr\"}]}<\/script>\n<!-- \/ Yoast SEO plugin. -->","yoast_head_json":{"title":"Misyon - Arma Tur Ta\u015f\u0131mac\u0131l\u0131k hizmeti","robots":{"index":"index","follow":"follow","max-snippet":"max-snippet:-1","max-image-preview":"max-image-preview:large","max-video-preview":"max-video-preview:-1"},"canonical":"https:\/\/armaturtasimacilik.com\/index.php\/misyon\/","og_locale":"tr_TR","og_type":"article","og_title":"Misyon - Arma Tur Ta\u015f\u0131mac\u0131l\u0131k hizmeti","og_description":"Arma Tur Misyon M\u00fc\u015fterilerimize, \u00e7al\u0131\u015fanlar\u0131m\u0131za ve topluma de\u011fer katmak i\u00e7in var\u0131z. \u0130\u015fimizi d\u00fcr\u00fcstl\u00fck, etik de\u011ferler, kalite ve m\u00fc\u015fteri odakl\u0131l\u0131kla yapar\u0131z....","og_url":"https:\/\/armaturtasimacilik.com\/index.php\/misyon\/","og_site_name":"Arma Tur Ta\u015f\u0131mac\u0131l\u0131k hizmeti","article_modified_time":"2023-03-24T13:00:27+00:00","og_image":[{"url":"http:\/\/armaturtasimacilik.com\/wp-content\/uploads\/2022\/09\/31-1024x298.png"}],"twitter_card":"summary_large_image","twitter_misc":{"Tahmini okuma s\u00fcresi":"2 dakika"},"schema":{"@context":"https:\/\/schema.org","@graph":[{"@type":"WebPage","@id":"https:\/\/armaturtasimacilik.com\/index.php\/misyon\/","url":"https:\/\/armaturtasimacilik.com\/index.php\/misyon\/","name":"Misyon - Arma Tur Ta\u015f\u0131mac\u0131l\u0131k hizmeti","isPartOf":{"@id":"http:\/\/armaturtasimacilik.com\/#website"},"datePublished":"2023-03-24T12:59:51+00:00","dateModified":"2023-03-24T13:00:27+00:00","breadcrumb":{"@id":"https:\/\/armaturtasimacilik.com\/index.php\/misyon\/#breadcrumb"},"inLanguage":"tr","potentialAction":[{"@type":"ReadAction","target":["https:\/\/armaturtasimacilik.com\/index.php\/misyon\/"]}]},{"@type":"BreadcrumbList","@id":"https:\/\/armaturtasimacilik.com\/index.php\/misyon\/#breadcrumb","itemListElement":[{"@type":"ListItem","position":1,"name":"Anasayfa","item":"https:\/\/armaturtasimacilik.com\/"},{"@type":"ListItem","position":2,"name":"Misyon"}]},{"@type":"WebSite","@id":"http:\/\/armaturtasimacilik.com\/#website","url":"http:\/\/armaturtasimacilik.com\/","name":"Arma Tur Ta\u015f\u0131mac\u0131l\u0131k hizmeti","description":"Arma tur tas\u0131ma profesyonel servis tas\u0131ma hizmeti","potentialAction":[{"@type":"SearchAction","target":{"@type":"EntryPoint","urlTemplate":"http:\/\/armaturtasimacilik.com\/?s={search_term_string}"},"query-input":"required name=search_term_string"}],"inLanguage":"tr"}]}},"_links":{"self":[{"href":"https:\/\/armaturtasimacilik.com\/index.php\/wp-json\/wp\/v2\/pages\/37513"}],"collection":[{"href":"https:\/\/armaturtasimacilik.com\/index.php\/wp-json\/wp\/v2\/pages"}],"about":[{"href":"https:\/\/armaturtasimacilik.com\/index.php\/wp-json\/wp\/v2\/types\/page"}],"author":[{"embeddable":true,"href":"https:\/\/armaturtasimacilik.com\/index.php\/wp-json\/wp\/v2\/users\/1"}],"replies":[{"embeddable":true,"href":"https:\/\/armaturtasimacilik.com\/index.php\/wp-json\/wp\/v2\/comments?post=37513"}],"version-history":[{"count":4,"href":"https:\/\/armaturtasimacilik.com\/index.php\/wp-json\/wp\/v2\/pages\/37513\/revisions"}],"predecessor-version":[{"id":37517,"href":"https:\/\/armaturtasimacilik.com\/index.php\/wp-json\/wp\/v2\/pages\/37513\/revisions\/37517"}],"wp:attachment":[{"href":"https:\/\/armaturtasimacilik.com\/index.php\/wp-json\/wp\/v2\/media?parent=37513"}],"curies":[{"name":"wp","href":"https:\/\/api.w.org\/{rel}","templated":true}]}}